{"id":540,"date":"2023-07-27T16:38:27","date_gmt":"2023-07-27T19:38:27","guid":{"rendered":"http:\/\/www.foripes.org.br\/?page_id=540"},"modified":"2024-09-02T11:24:18","modified_gmt":"2024-09-02T14:24:18","slug":"instituicoes-membros","status":"publish","type":"page","link":"https:\/\/www.foripes.org.br\/index.php\/instituicoes-membros\/","title":{"rendered":"Institui\u00e7\u00f5es-Membros"},"content":{"rendered":"\n<div class=\"w-auto p-3\">\n\n<div class=\"panel panel-primary\">\n<div class=\"panel-heading\">Institui\u00e7\u00f5es-Membros<\/div>\n\n<div class=\"list-group-item\"> <a href=\"https:\/\/www.cefetmg.br\/\" target=\"_blank\" rel=\"noopener\"><span class=\"force-read-before\" data-attributetitleof=\"id-hatemile-display-5958858726413606-0\"> <\/span><span class=\"force-read-before\" data-attributetargetof=\"id-hatemile-display-5958858726413606-0\"> <\/span><b> Centro Federal de Educa\u00e7\u00e3o Tecnol\u00f3gica (CEFET-MG)<\/b><\/a>  <\/div>\n\n<div class=\"list-group-item\"> <a href=\"https:\/\/www.ifmg.edu.br\/portal\" target=\"_blank\" rel=\"noopener\"> <span class=\"force-read-before\" data-attributetitleof=\"id-hatemile-display-5958858726413606-0\"> <\/span><span class=\"force-read-before\" data-attributetargetof=\"id-hatemile-display-5958858726413606-0\"> <\/span><b> Instituto Federal de Educa\u00e7\u00e3o, Ci\u00eancia e Tecnologia de Minas Gerais (IFMG)<\/b> <\/a> <\/div>\n\n<div class=\"list-group-item\"> <a href=\"https:\/\/www.ifnmg.edu.br\/\" target=\"_blank\" rel=\"noopener\"><span class=\"force-read-before\" data-attributetitleof=\"id-hatemile-display-5958858726413606-0\"> <\/span><span class=\"force-read-before\" data-attributetargetof=\"id-hatemile-display-5958858726413606-0\"> <\/span><b>Instituto Federal do Norte de Minas Gerais (IFNMG) <\/b> <\/a> <\/div>\n\n<div class=\"list-group-item\"><a href=\"https:\/\/iftm.edu.br\/\" target=\"_blank\" rel=\"noopener\"> <span class=\"force-read-before\" data-attributetitleof=\"id-hatemile-display-5958858726413606-0\"> <\/span><span class=\"force-read-before\" data-attributetargetof=\"id-hatemile-display-5958858726413606-0\"> <\/span><b>Instituto Federal de Educa\u00e7\u00e3o Ci\u00eancia e Tecnologia do Tri\u00e2ngulo (IFTM)<\/b> <\/a> <\/div>\n\n<div class=\"list-group-item\"><a href=\"https:\/\/ufop.br\/\" target=\"_blank\" rel=\"noopener\"> <span class=\"force-read-before\" data-attributetitleof=\"id-hatemile-display-5958858726413606-0\"> <\/span><span class=\"force-read-before\" data-attributetargetof=\"id-hatemile-display-5958858726413606-0\"> <\/span><b>Universidade Federal de Ouro Preto (UFOP)<\/b> <\/a> <\/div>\n\n<div class=\"list-group-item\"><a href=\"https:\/\/www.ifsudestemg.edu.br\/\" target=\"_blank\" rel=\"noopener\"> <span class=\"force-read-before\" data-attributetitleof=\"id-hatemile-display-5958858726413606-0\"> <\/span><span class=\"force-read-before\" data-attributetargetof=\"id-hatemile-display-5958858726413606-0\"> <\/span><b>Instituto Federal de Educa\u00e7\u00e3o, Ci\u00eancia e Tecnologia do Sudeste de Minas Gerais (IF Sudeste-MG)<\/b> <\/a> <\/div> \n\n<div class=\"list-group-item\"> <a href=\"https:\/\/portal.ifsuldeminas.edu.br\/index.php\" target=\"_blank\" rel=\"noopener\"><span class=\"force-read-before\" data-attributetitleof=\"id-hatemile-display-5958858726413606-0\"> <\/span><span class=\"force-read-before\" data-attributetargetof=\"id-hatemile-display-5958858726413606-0\"> <\/span><b>Instituto Federal de Educa\u00e7\u00e3o, Ci\u00eancia e Tecnologia do Sul de Minas Gerais (IF Sul de Minas) <\/b>  <\/a><\/div> \n\n<div class=\"list-group-item\"> <a href=\"https:\/\/www.uemg.br\/\" target=\"_blank\" rel=\"noopener\"><span class=\"force-read-before\" data-attributetitleof=\"id-hatemile-display-5958858726413606-0\"> <\/span><span class=\"force-read-before\" data-attributetargetof=\"id-hatemile-display-5958858726413606-0\"> <\/span><b>Universidade do Estado de Minas Gerais (UEMG) <\/b> <\/a> <\/div> \n\n<div class=\"list-group-item\"><a href=\"https:\/\/ufu.br\/\"> <a href=\"https:\/\/unimontes.br\/\" target=\"_blank\" rel=\"noopener\"><span class=\"force-read-before\" data-attributetitleof=\"id-hatemile-display-5958858726413606-0\"> <\/span><span class=\"force-read-before\" data-attributetargetof=\"id-hatemile-display-5958858726413606-0\"> <\/span><b>Universidade Estadual de Montes Claros (Unimontes)<\/b> <\/a> <\/div> \n\n<div class=\"list-group-item\"> <a href=\"https:\/\/www.unifal-mg.edu.br\/portal\/\" target=\"_blank\" rel=\"noopener\"> <span class=\"force-read-before\" data-attributetitleof=\"id-hatemile-display-5958858726413606-0\"> <\/span><span class=\"force-read-before\" data-attributetargetof=\"id-hatemile-display-5958858726413606-0\"> <\/span><b>Universidade Federal de Alfenas (UNIFAL-MG)<\/b><\/a>  <\/div> \n\n<div class=\"list-group-item\"><a href=\"https:\/\/unifei.edu.br\/\" target=\"_blank\" rel=\"noopener\">  <span class=\"force-read-before\" data-attributetitleof=\"id-hatemile-display-5958858726413606-0\"> <\/span><span class=\"force-read-before\" data-attributetargetof=\"id-hatemile-display-5958858726413606-0\"> <\/span><b>Universidade Federal de Itajub\u00e1 (UNIFEI)<\/b> <\/a>  <\/div> \n\n<div class=\"list-group-item\"><a href=\"https:\/\/www2.ufjf.br\/ufjf\/\" target=\"_blank\" rel=\"noopener\">  <span class=\"force-read-before\" data-attributetitleof=\"id-hatemile-display-5958858726413606-0\"> <\/span><span class=\"force-read-before\" data-attributetargetof=\"id-hatemile-display-5958858726413606-0\"> <\/span><b>Universidade Federal de Juiz de Fora (UFJF)<\/b> <\/a> <\/div> \n\n <div class=\"list-group-item\"> <a href=\"https:\/\/ufla.br\/\" target=\"_blank\" rel=\"noopener\"> <span class=\"force-read-before\" data-attributetitleof=\"id-hatemile-display-5958858726413606-0\"> <\/span><span class=\"force-read-before\" data-attributetargetof=\"id-hatemile-display-5958858726413606-0\"> <\/span><b>Universidade Federal de Lavras (UFLA)<\/b> <\/a> <\/div> \n \n  <div class=\"list-group-item\"> <a href=\"https:\/\/ufmg.br\/\" target=\"_blank\" rel=\"noopener\"><span class=\"force-read-before\" data-attributetitleof=\"id-hatemile-display-5958858726413606-0\"> <\/span><span class=\"force-read-before\" data-attributetargetof=\"id-hatemile-display-5958858726413606-0\"> <\/span><b>Universidade Federal de Minas Gerais (UFMG)<\/b><\/a>  <\/div> \n\n   <div class=\"list-group-item\"> <a href=\"https:\/\/ufsj.edu.br\/\" target=\"_blank\" rel=\"noopener\"><span class=\"force-read-before\" data-attributetitleof=\"id-hatemile-display-5958858726413606-0\"> <\/span><span class=\"force-read-before\" data-attributetargetof=\"id-hatemile-display-5958858726413606-0\"> <\/span><b>Universidade Federal de S\u00e3o Jo\u00e3o Del-Rei (UFSJ)  <\/b><\/a>  <\/div>\n   \n   <div class=\"list-group-item\"><a href=\"https:\/\/ufu.br\/\" target=\"_blank\" rel=\"noopener\"> <span class=\"force-read-before\" data-attributetitleof=\"id-hatemile-display-5958858726413606-0\"> <\/span><span class=\"force-read-before\" data-attributetargetof=\"id-hatemile-display-5958858726413606-0\"> <\/span><b>Universidade Federal de Uberl\u00e2ndia (UFU)<\/b>  <\/div> \n   \n   <div class=\"list-group-item\"><a href=\"https:\/\/www.ufv.br\/\" target=\"_blank\" rel=\"noopener\"> <span class=\"force-read-before\" data-attributetitleof=\"id-hatemile-display-5958858726413606-0\"> <\/span><span class=\"force-read-before\" data-attributetargetof=\"id-hatemile-display-5958858726413606-0\"> <\/span><b>Universidade Federal de Vi\u00e7osa (UFV)<\/b>  <\/div> \n\n <div class=\"list-group-item\"><a href=\"https:\/\/portal.ufvjm.edu.br\/\" target=\"_blank\" rel=\"noopener\"> <span class=\"force-read-before\" data-attributetitleof=\"id-hatemile-display-5958858726413606-0\"> <\/span><span class=\"force-read-before\" data-attributetargetof=\"id-hatemile-display-5958858726413606-0\"> <\/span><b>Universidade Federal dos Vales do Jequitinhonha e Mucuri (UFVJM)<\/b>  <\/div> \n   \n   <div class=\"list-group-item\"><a href=\"https:\/\/www.uftm.edu.br\/\" target=\"_blank\" rel=\"noopener\"> <span class=\"force-read-before\" data-attributetitleof=\"id-hatemile-display-5958858726413606-0\"> <\/span><span class=\"force-read-before\" data-attributetargetof=\"id-hatemile-display-5958858726413606-0\"> <\/span><b>Universidade Federal do Tri\u00e2ngulo Mineiro (UFTM) <\/b>  <\/div> \n   \n  <\/div>\n","protected":false},"excerpt":{"rendered":"<p>Institui\u00e7\u00f5es-Membros Centro Federal de Educa\u00e7\u00e3o Tecnol\u00f3gica (CEFET-MG) Instituto Federal de Educa\u00e7\u00e3o, Ci\u00eancia e Tecnologia de Minas Gerais (IFMG) Instituto Federal do Norte de Minas Gerais (IFNMG) Instituto Federal de Educa\u00e7\u00e3o Ci\u00eancia e Tecnologia do Tri\u00e2ngulo (IFTM) Universidade Federal de Ouro Preto (UFOP) Instituto Federal de Educa\u00e7\u00e3o, Ci\u00eancia e Tecnologia do Sudeste de Minas Gerais (IF<br \/><a class=\"btn btn-theme post-btn\" href=\"https:\/\/www.foripes.org.br\/index.php\/instituicoes-membros\/\">Ler mais<\/a><\/p>\n","protected":false},"author":1,"featured_media":0,"parent":0,"menu_order":0,"comment_status":"closed","ping_status":"closed","template":"","meta":{"ngg_post_thumbnail":0,"footnotes":""},"folder":[],"class_list":["post-540","page","type-page","status-publish","hentry"],"_links":{"self":[{"href":"https:\/\/www.foripes.org.br\/index.php\/wp-json\/wp\/v2\/pages\/540","targetHints":{"allow":["GET"]}}],"collection":[{"href":"https:\/\/www.foripes.org.br\/index.php\/wp-json\/wp\/v2\/pages"}],"about":[{"href":"https:\/\/www.foripes.org.br\/index.php\/wp-json\/wp\/v2\/types\/page"}],"author":[{"embeddable":true,"href":"https:\/\/www.foripes.org.br\/index.php\/wp-json\/wp\/v2\/users\/1"}],"replies":[{"embeddable":true,"href":"https:\/\/www.foripes.org.br\/index.php\/wp-json\/wp\/v2\/comments?post=540"}],"version-history":[{"count":14,"href":"https:\/\/www.foripes.org.br\/index.php\/wp-json\/wp\/v2\/pages\/540\/revisions"}],"predecessor-version":[{"id":1108,"href":"https:\/\/www.foripes.org.br\/index.php\/wp-json\/wp\/v2\/pages\/540\/revisions\/1108"}],"wp:attachment":[{"href":"https:\/\/www.foripes.org.br\/index.php\/wp-json\/wp\/v2\/media?parent=540"}],"wp:term":[{"taxonomy":"folder","embeddable":true,"href":"https:\/\/www.foripes.org.br\/index.php\/wp-json\/wp\/v2\/folder?post=540"}],"curies":[{"name":"wp","href":"https:\/\/api.w.org\/{rel}","templated":true}]}}