{"id":515,"date":"2023-07-27T15:31:11","date_gmt":"2023-07-27T18:31:11","guid":{"rendered":"http:\/\/www.foripes.org.br\/?page_id=515"},"modified":"2023-07-27T15:31:11","modified_gmt":"2023-07-27T18:31:11","slug":"universidade-federal-de-lavras-ufla-em-numeros","status":"publish","type":"page","link":"https:\/\/www.foripes.org.br\/index.php\/universidade-federal-de-lavras-ufla-em-numeros\/","title":{"rendered":"Universidade Federal de Lavras (UFLA) em n\u00fameros"},"content":{"rendered":"\n<!DOCTYPE html>\n<html lang=\"pt-br\">\n<head>\n  <title>Universidade Federal de Lavras (UFLA) em n\u00fameros<\/title>\n  <meta charset=\"utf-8\">\n  <meta name=\"viewport\" content=\"width=device-width, initial-scale=1\">\n  <link rel=\"stylesheet\" href=\"https:\/\/cdn.jsdelivr.net\/npm\/bootstrap@4.6.2\/dist\/css\/bootstrap.min.css\">\n  <script src=\"https:\/\/cdn.jsdelivr.net\/npm\/jquery@3.6.4\/dist\/jquery.slim.min.js\"><\/script>\n  <script src=\"https:\/\/cdn.jsdelivr.net\/npm\/popper.js@1.16.1\/dist\/umd\/popper.min.js\"><\/script>\n  <script src=\"https:\/\/cdn.jsdelivr.net\/npm\/bootstrap@4.6.2\/dist\/js\/bootstrap.bundle.min.js\"><\/script>\n   <link rel=\"stylesheet\" href=\"https:\/\/cdnjs.cloudflare.com\/ajax\/libs\/font-awesome\/5.11.2\/css\/all.min.css\"\/>\n <script src=\"https:\/\/kit.fontawesome.com\/a076d05399.js\" crossorigin=\"anonymous\"><\/script>\n <link rel=\"stylesheet\" href=\"https:\/\/cdnjs.cloudflare.com\/ajax\/libs\/font-awesome\/4.7.0\/css\/font-awesome.min.css\">\n\n\n<\/head>\n<body>\n<div class=\"container\">\n<div class=\"row\">\n<div class=\"col-sm-4 mb-3\">\n<div class=\"image-flip\">\n<div class=\"mainflip\">\n<div class=\"frontside\">\n<div class=\"card\">\n<div class=\"card-body text-center\" style=\"border: 3px outset #F1F1F1; box-shadow: 0 3px 6px 0 rgba(0,0,0,.16); padding-top: 20px; height: 100%;\">\n<p><span style=\"color: #000000;\"> <i class=\"fa fa-building\" style=\"font-size: 70px; color: #195128;\"><\/i> <\/span><\/p>\n<h3 style=\"text-align: center; padding-top: 20px;\"><span><span style=\"color: #195128;\">2&nbsp;<\/span><br \/><\/span><\/h3>\n<p style=\"text-align: center;\"><span style=\"color: #003300; font-size: 20px;\">Campi <\/span><\/p>\n<p><\/p>\n<\/div>\n<\/div>\n<\/div>\n<\/div>\n<\/div>\n<\/div>\n<div class=\"col-sm-4 mb-3\">\n<div class=\"image-flip\">\n<div class=\"mainflip\">\n<div class=\"frontside\">\n<div class=\"card\">\n<div class=\"card-body text-center\" style=\"border: 3px outset #F1F1F1; box-shadow: 0 3px 6px 0 rgba(0,0,0,.16); padding-top: 20px; height: 100%;\">\n<p><span style=\"color: #000000;\"> <i class=\"fa fa-slideshare\" style=\"font-size: 70px; color: #195128;\"><\/i> <\/span><\/p>\n<h3 style=\"text-align: center; padding-top: 20px;\"><span><span style=\"color: #195128;\">789<\/span><br \/><\/span><\/h3>\n<p style=\"text-align: center;\"><span style=\"color: #003300; font-size: 20px;\">Docentes<\/span><\/p>\n<p><\/p>\n<\/div>\n<\/div>\n<\/div>\n<\/div>\n<\/div>\n<\/div>\n<div class=\"col-sm-4 mb-3\">\n<div class=\"image-flip\">\n<div class=\"mainflip\">\n<div class=\"frontside\">\n<div class=\"card\">\n<div class=\"card-body text-center\" style=\"border: 3px outset #F1F1F1; box-shadow: 0 3px 6px 0 rgba(0,0,0,.16); padding-top: 20px; height: 100%;\">\n<p><span style=\"color: #000000;\"> <i class=\"fa fa-slideshare\" style=\"font-size: 70px; color: #195128;\"><\/i> <\/span><\/p>\n<h3 style=\"text-align: center; padding-top: 20px;\"><span><span style=\"color: #195128;\">547<\/span><br \/><\/span><\/h3>\n<p style=\"text-align: center;\"><span style=\"color: #003300; font-size: 20px;\">T\u00e9cnicos Administrativos<\/span><\/p>\n\n<\/div>\n<\/div>\n<\/div>\n<\/div>\n<\/div>\n<\/div>\n<\/div>\n<div class=\"row\">\n<div class=\"col-sm-4 mb-3\">\n<div class=\"image-flip\">\n<div class=\"mainflip\">\n<div class=\"frontside\">\n<div class=\"card\">\n<div class=\"card-body text-center\" style=\"border: 3px outset #F1F1F1; box-shadow: 0 3px 6px 0 rgba(0,0,0,.16); padding-top: 20px; height: 100%;\">\n<p><span style=\"color: #000000;\"> <i class=\"fa fa-graduation-cap\" style=\"font-size: 70px; color: #195128;\"><\/i> <\/span><\/p>\n<h3 style=\"text-align: center; padding-top: 20px;\"><span><span style=\"color: #195128;\">39<\/span><br \/><\/span><\/h3>\n<p style=\"text-align: center;\"><span style=\"color: #003300; font-size: 20px;\">Cursos de Gradua\u00e7\u00e3o<br \/> Presenciais<\/span><\/p>\n<p><\/p>\n<\/div>\n<\/div>\n<\/div>\n<\/div>\n<\/div>\n<\/div>\n<div class=\"col-sm-4 mb-3\">\n<div class=\"image-flip\">\n<div class=\"mainflip\">\n<div class=\"frontside\">\n<div class=\"card\">\n<div class=\"card-body text-center\" style=\"border: 3px outset #F1F1F1; box-shadow: 0 3px 6px 0 rgba(0,0,0,.16); padding-top: 20px; height: 100%;\">\n<p><span style=\"color: #000000;\"> <i class=\"fa fa-television\" style=\"font-size: 70px; color: #195128;\"><\/i> <\/span><\/p>\n<h3 style=\"text-align: center; padding-top: 20px;\"><span><span style=\"color: #195128;\">3&nbsp;<\/span><br \/><\/span><\/h3>\n<p style=\"text-align: center;\"><span style=\"color: #003300; font-size: 20px;\">Cursos de Gradua\u00e7\u00e3o <br \/>a Dist\u00e2ncia<\/span><\/p>\n<p><\/p>\n<\/div>\n<\/div>\n<\/div>\n<\/div>\n<\/div>\n<\/div>\n<div class=\"col-sm-4 mb-3\">\n<div class=\"image-flip\">\n<div class=\"mainflip\">\n<div class=\"frontside\">\n<div class=\"card\">\n<div class=\"card-body text-center\" style=\"border: 3px outset #F1F1F1; box-shadow: 0 3px 6px 0 rgba(0,0,0,.16); padding-top: 20px; height: 100%;\">\n<p><span style=\"color: #000000;\"> <i class=\"fa fa-leanpub\" style=\"font-size: 70px; color: #195128;\"><\/i> <\/span><\/p>\n<h3 style=\"text-align: center; padding-top: 20px;\"><span><span style=\"color: #195128;\">24&nbsp;<\/span><br \/><\/span><\/h3>\n<p style=\"text-align: center;\"><span style=\"color: #003300; font-size: 20px;\">Cursos de<br\/>Doutorado<\/span><\/p>\n<p><\/p>\n<\/div>\n<\/div>\n<\/div>\n<\/div>\n<\/div>\n<\/div>\n<\/div>\n<div class=\"row\">\n<div class=\"col-sm-4 mb-3\">\n<div class=\"image-flip\">\n<div class=\"mainflip\">\n<div class=\"frontside\">\n<div class=\"card\">\n<div class=\"card-body text-center\" style=\"border: 3px outset #F1F1F1; box-shadow: 0 3px 6px 0 rgba(0,0,0,.16); padding-top: 20px; height: 100%;\">\n<p><span style=\"color: #000000;\"> <i class=\"fa fa-leanpub\" style=\"font-size: 70px; color: #195128;\"><\/i> <\/span><\/p>\n<h3 style=\"text-align: center; padding-top: 20px;\"><span><span style=\"color: #195128;\">5<\/span><br \/><\/span><\/h3>\n<p style=\"text-align: center;\"><span style=\"color: #003300; font-size: 20px;\">Cursos de P\u00f3s-Gradua\u00e7\u00e3o Lato Sensu a Dist\u00e2ncia<\/span><\/p>\n<p><\/p>\n<\/div>\n<\/div>\n<\/div>\n<\/div>\n<\/div>\n<\/div>\n<div class=\"col-sm-4 mb-3\">\n<div class=\"image-flip\">\n<div class=\"mainflip\">\n<div class=\"frontside\">\n<div class=\"card\">\n<div class=\"card-body text-center\" style=\"border: 3px outset #F1F1F1; box-shadow: 0 3px 6px 0 rgba(0,0,0,.16); padding-top: 20px; height: 100%;\">\n<p><span style=\"color: #000000;\"> <i class=\"fa fa-film\" style=\"font-size: 70px; color: #195128;\"><\/i> <\/span><\/p>\n<h3 style=\"text-align: center; padding-top: 20px;\"><span><span style=\"color: #195128;\">178<\/span><br \/><\/span><\/h3>\n<p style=\"text-align: center;\"><span style=\"color: #003300; font-size: 20px;\">Projetos de Extens\u00e3o em andamento<\/span><\/p>\n<p><\/p>\n<\/div>\n<\/div>\n<\/div>\n<\/div>\n<\/div>\n<\/div>\n<div class=\"col-sm-4 mb-3\">\n<div class=\"image-flip\">\n<div class=\"mainflip\">\n<div class=\"frontside\">\n<div class=\"card\">\n<div class=\"card-body text-center\" style=\"border: 3px outset #F1F1F1; box-shadow: 0 3px 6px 0 rgba(0,0,0,.16); padding-top: 20px; height: 100%;\">\n<p><span style=\"color: #000000;\"> <i class=\"fa fa-graduation-cap\" style=\"font-size: 70px; color: #195128;\"><\/i> <\/span><\/p>\n<h3 style=\"text-align: center; padding-top: 20px;\"><span><span style=\"color: #195128;\">41&nbsp;<\/span><br \/><\/span><\/h3>\n<p style=\"text-align: center;\"><span style=\"color: #003300; font-size: 20px;\">Cursos de<br \/>Mestrado<br \/> <\/span><\/p>\n<p><\/p>\n<\/div>\n<\/div>\n<\/div>\n<\/div>\n<\/div>\n<\/div>\n<\/div>\n<div class=\"row\">\n<div class=\"col-sm-4 mb-3\">\n<div class=\"image-flip\">\n<div class=\"mainflip\">\n<div class=\"frontside\">\n<div class=\"card\">\n<div class=\"card-body text-center\" style=\"border: 3px outset #F1F1F1; box-shadow: 0 3px 6px 0 rgba(0,0,0,.16); padding-top: 20px; height: 100%;\">\n<p><span style=\"color: #000000;\"> <i class=\"fa fa-id-card-o\" style=\"font-size: 70px; color: #195128;\"><\/i> <\/span><\/p>\n<h3 style=\"text-align: center; padding-top: 20px;\"><span><span style=\"color: #195128;\">2.850&nbsp;<\/span><br \/><\/span><\/h3>\n<p style=\"text-align: center;\"><span style=\"color: #003300; font-size: 20px;\">Vagas ofertadas anualmente na Gradua\u00e7\u00e3o<\/span><\/p>\n<p><\/p>\n<\/div>\n<\/div>\n<\/div>\n<\/div>\n<\/div>\n<\/div>\n<div class=\"col-sm-4 mb-3\">\n<div class=\"image-flip\">\n<div class=\"mainflip\">\n<div class=\"frontside\">\n<div class=\"card\">\n<div class=\"card-body text-center\" style=\"border: 3px outset #F1F1F1; box-shadow: 0 3px 6px 0 rgba(0,0,0,.16); padding-top: 20px; height: 100%;\">\n<p><span style=\"color: #000000;\"> <i class=\"fa fa-address-card\" style=\"font-size: 70px; color: #195128;\"><\/i> <\/span><\/p>\n<h3 style=\"text-align: center; padding-top: 20px;\"><span><span style=\"color: #195128;\">1.219<\/span><br \/><\/span><\/h3>\n<p style=\"text-align: center;\"><span style=\"color: #003300; font-size: 20px;\">Vagas ofertadas anualmente na P\u00f3s-Gradua\u00e7\u00e3o<\/span><\/p>\n<p><\/p>\n<\/div>\n<\/div>\n<\/div>\n<\/div>\n<\/div>\n<\/div>\n<div class=\"col-sm-4 mb-3\">\n<div class=\"image-flip\">\n<div class=\"mainflip\">\n<div class=\"frontside\">\n<div class=\"card\">\n<div class=\"card-body text-center\" style=\"border: 3px outset #F1F1F1; box-shadow: 0 3px 6px 0 rgba(0,0,0,.16); padding-top: 20px; height: 100%;\">\n<p><span style=\"color: #000000;\"> <i class=\"fa fa-graduation-cap\" style=\"font-size: 70px; color: #195128;\"><\/i> <\/span><\/p>\n<h3 style=\"text-align: center; padding-top: 20px;\"><span><span style=\"color: #195128;\">11.628<\/span><br \/><\/span><\/h3>\n<p style=\"text-align: center;\"><span style=\"color: #003300; font-size: 20px;\">Estudantes de Gradua\u00e7\u00e3o (Presencial)<\/span><\/p>\n<p><\/p>\n<\/div>\n<\/div>\n<\/div>\n<\/div>\n<\/div>\n <\/div><\/div>\n\n<div class=\"row\">\n<div class=\"col-sm-4 mb-3\">\n<div class=\"image-flip\">\n<div class=\"mainflip\">\n<div class=\"frontside\">\n<div class=\"card\">\n<div class=\"card-body text-center\" style=\"border: 3px outset #F1F1F1; box-shadow: 0 3px 6px 0 rgba(0,0,0,.16); padding-top: 20px; height: 100%;\">\n<p><span style=\"color: #000000;\"> <i class=\"fa fa-graduation-cap\" style=\"font-size: 70px; color: #195128;\"><\/i> <\/span><\/p>\n<h3 style=\"text-align: center; padding-top: 20px;\"><span><span style=\"color: #195128;\">8<\/span><br \/><\/span><\/h3>\n<p style=\"text-align: center;\"><span style=\"color: #003300; font-size: 20px;\">Estudantes de Gradua\u00e7\u00e3o (a Dist\u00e2ncia)<\/span><\/p>\n<p><\/p>\n<\/div>\n<\/div>\n<\/div>\n<\/div>\n<\/div>\n<\/div>\n<div class=\"col-sm-4 mb-3\">\n<div class=\"image-flip\">\n<div class=\"mainflip\">\n<div class=\"frontside\">\n<div class=\"card\">\n<div class=\"card-body text-center\" style=\"border: 3px outset #F1F1F1; box-shadow: 0 3px 6px 0 rgba(0,0,0,.16); padding-top: 20px; height: 100%;\">\n<p><span style=\"color: #000000;\"> <i class=\"fa fa-address-card\" style=\"font-size: 70px; color: #195128;\"><\/i> <\/span><\/p>\n<h3 style=\"text-align: center; padding-top: 20px;\"><span><span style=\"color: #195128;\">2.675<\/span><br \/><\/span><\/h3>\n<p style=\"text-align: center;\"><span style=\"color: #003300; font-size: 20px;\">Estudantes de P\u00f3s-Gradua\u00e7\u00e3o (Presencial)<\/span><\/p>\n<p><\/p>\n<\/div>\n<\/div>\n<\/div>\n<\/div>\n<\/div>\n<\/div>\n<div class=\"col-sm-4 mb-3\">\n<div class=\"image-flip\">\n<div class=\"mainflip\">\n<div class=\"frontside\">\n<div class=\"card\">\n<div class=\"card-body text-center\" style=\"border: 3px outset #F1F1F1; box-shadow: 0 3px 6px 0 rgba(0,0,0,.16); padding-top: 20px; height: 100%;\">\n<p><span style=\"color: #000000;\"> <i class=\"fa fa-address-card\" style=\"font-size: 70px; color: #195128;\"><\/i> <\/span><\/p>\n<h3 style=\"text-align: center; padding-top: 20px;\"><span><span style=\"color: #195128;\">0<\/span><br \/><\/span><\/h3>\n<p style=\"text-align: center;\"><span style=\"color: #003300; font-size: 20px;\">Estudantes de P\u00f3s-Gradua\u00e7\u00e3o (a Dist\u00e2ncia)<\/span><\/p>\n<p><\/p>\n<\/div>\n<\/div>\n<\/div>\n<\/div>\n<\/div><\/div><\/div>\n\n<div class=\"row\">\n<div class=\"col-sm-4 mb-3\">\n<div class=\"image-flip\">\n<div class=\"mainflip\">\n<div class=\"frontside\">\n<div class=\"card\">\n<div class=\"card-body text-center\" style=\"border: 3px outset #F1F1F1; box-shadow: 0 3px 6px 0 rgba(0,0,0,.16); padding-top: 20px; height: 100%;\">\n<p><span style=\"color: #000000;\"> <i class=\"fa fa-search\" style=\"font-size: 70px; color: #195128;\"><\/i> <\/span><\/p>\n<h3 style=\"text-align: center; padding-top: 20px;\"><span><span style=\"color: #195128;\">1.103&nbsp;<\/span><br \/><\/span><\/h3>\n<p style=\"text-align: center;\"><span style=\"color: #003300; font-size: 20px;\">Projetos de Pesquisa em andamento<\/span><\/p>\n<p><\/p>\n<\/div>\n<\/div>\n<\/div>\n<\/div>\n<\/div>\n<\/div><div class=\"col-sm-4 mb-3\">\n<div class=\"image-flip\">\n<div class=\"mainflip\">\n<div class=\"frontside\">\n<div class=\"card\">\n<div class=\"card-body text-center\" style=\"border: 3px outset #F1F1F1; box-shadow: 0 3px 6px 0 rgba(0,0,0,.16); padding-top: 20px; padding-left: 20px; height: 100%;\">\n<p><span style=\"color: #000000;\"> <i class=\"fa fa-university\" style=\"font-size: 70px; color: #195128;\"><\/i> <\/span><\/p>\n<h3 style=\"text-align: center; padding-top: 20px;\"><span><span style=\"color: #195128;\">2<\/span><br \/><\/span><\/h3>\n<p style=\"text-align: center;\"><span style=\"color: #003300; font-size: 20px;\">Museus e <br \/>Centros de Ci\u00eancia<\/span><\/p>\n<p><\/p>\n<\/div>\n<\/div>\n<\/div>\n<\/div>\n<\/div>\n<\/div>\n<div class=\"col-sm-4 mb-3\">\n<div class=\"image-flip\">\n<div class=\"mainflip\">\n<div class=\"frontside\">\n<div class=\"card\">\n<div class=\"card-body text-center\" style=\"border: 3px outset #F1F1F1; box-shadow: 0 3px 6px 0 rgba(0,0,0,.16); padding-top: 20px; height: 100%;\">\n<p><span style=\"color: #000000;\"> <i class=\"fa fa-film\" style=\"font-size: 70px; color: #195128;\"><\/i> <\/span><\/p>\n<h3 style=\"text-align: center; padding-top: 20px;\"><span><span style=\"color: #195128;\">276<\/span><br \/><\/span><\/h3>\n<p style=\"text-align: center;\"><span style=\"color: #003300; font-size: 20px;\">Projetos de Extens\u00e3o em andamento<\/span><\/p>\n<p><\/p>\n<\/div>\n<\/div>\n<\/div>\n<\/div>\n<\/div><\/div><\/div>\n  \n<div class=\"row\">\n<div class=\"col-sm-4 mb-3\">\n<div class=\"image-flip\">\n<div class=\"mainflip\">\n<div class=\"frontside\">\n<div class=\"card\">\n<div class=\"card-body text-center\" style=\"border: 3px outset #F1F1F1; box-shadow: 0 3px 6px 0 rgba(0,0,0,.16); padding-top: 20px; height: 100%;\">\n<p><span style=\"color: #000000;\"> <i class=\"fa fa-building\" style=\"font-size: 70px; color: #195128;\"><\/i> <\/span><\/p>\n<h3 style=\"text-align: center; padding-top: 20px;\"><span><span style=\"color: #195128;\">1&nbsp;<\/span><br \/><\/span><\/h3>\n<p style=\"text-align: center;\"><span style=\"color: #003300; font-size: 20px;\">Hospitais Veterin\u00e1rios<\/span><\/p>\n<p><\/p>\n<\/div>\n<\/div>\n<\/div>\n<\/div>\n<\/div>\n<\/div> \n<\/div><\/div>\n<\/div>\n\n<style type=\"text\/css\">.card{\n                border-radius: 4px;\n                background: #F8F8F8;\n                box-shadow: 0 6px 10px rgba(0,0,0,.08), 0 0 6px rgba(0,0,0,.05);\n                transition: .3s transform cubic-bezier(.155,1.105,.295,1.12),.3s box-shadow,.3s -webkit-transform cubic-bezier(.155,1.105,.295,1.12);\n                \/padding: 14px 80px 18px 36px;\/\n                \/padding-left: 10px;\/\n                cursor: pointer;\n            }\n\n            .card:hover{\n                transform: scale(1.05);\n                box-shadow: 0 10px 20px rgba(0,0,0,.12), 0 4px 8px rgba(0,0,0,.06);\n            }\n\n            .card-1{\n                background-repeat: no-repeat;\n                background-position: right;\n                background-size: 100%;\n                color: #092a5c;\n                font-size: 20px;\n                padding-right: 0px;\n                padding-left: 0px;\n                padding-top: 20px;\n                padding-bottom: 10%;\n            }\n    .card-2{\n                background-repeat: no-repeat;\n                background-position: right;\n                background-size: 100%;\n                color: #092a5c;\n                font-size: 20px;\n                padding-right: 0px;\n                padding-left: 0px;\n                padding-top: 20px;\n                padding-bottom: 10%;\n            }\n\n            .row{\n                margin-left: 5px\n            }<\/style>\n<\/body>\n<\/html>\n","protected":false},"excerpt":{"rendered":"<p>Universidade Federal de Lavras (UFLA) em n\u00fameros 2&nbsp; Campi 789 Docentes 547 T\u00e9cnicos Administrativos 39 Cursos de Gradua\u00e7\u00e3o Presenciais 3&nbsp; Cursos de Gradua\u00e7\u00e3o a Dist\u00e2ncia 24&nbsp; Cursos deDoutorado 5 Cursos de P\u00f3s-Gradua\u00e7\u00e3o Lato Sensu a Dist\u00e2ncia 178 Projetos de Extens\u00e3o em andamento 41&nbsp; Cursos deMestrado 2.850&nbsp; Vagas ofertadas anualmente na Gradua\u00e7\u00e3o 1.219 Vagas ofertadas anualmente<br \/><a class=\"btn btn-theme post-btn\" href=\"https:\/\/www.foripes.org.br\/index.php\/universidade-federal-de-lavras-ufla-em-numeros\/\">Ler mais<\/a><\/p>\n","protected":false},"author":1,"featured_media":0,"parent":0,"menu_order":0,"comment_status":"closed","ping_status":"closed","template":"","meta":{"ngg_post_thumbnail":0,"footnotes":""},"folder":[],"class_list":["post-515","page","type-page","status-publish","hentry"],"_links":{"self":[{"href":"https:\/\/www.foripes.org.br\/index.php\/wp-json\/wp\/v2\/pages\/515","targetHints":{"allow":["GET"]}}],"collection":[{"href":"https:\/\/www.foripes.org.br\/index.php\/wp-json\/wp\/v2\/pages"}],"about":[{"href":"https:\/\/www.foripes.org.br\/index.php\/wp-json\/wp\/v2\/types\/page"}],"author":[{"embeddable":true,"href":"https:\/\/www.foripes.org.br\/index.php\/wp-json\/wp\/v2\/users\/1"}],"replies":[{"embeddable":true,"href":"https:\/\/www.foripes.org.br\/index.php\/wp-json\/wp\/v2\/comments?post=515"}],"version-history":[{"count":1,"href":"https:\/\/www.foripes.org.br\/index.php\/wp-json\/wp\/v2\/pages\/515\/revisions"}],"predecessor-version":[{"id":516,"href":"https:\/\/www.foripes.org.br\/index.php\/wp-json\/wp\/v2\/pages\/515\/revisions\/516"}],"wp:attachment":[{"href":"https:\/\/www.foripes.org.br\/index.php\/wp-json\/wp\/v2\/media?parent=515"}],"wp:term":[{"taxonomy":"folder","embeddable":true,"href":"https:\/\/www.foripes.org.br\/index.php\/wp-json\/wp\/v2\/folder?post=515"}],"curies":[{"name":"wp","href":"https:\/\/api.w.org\/{rel}","templated":true}]}}