{"id":502,"date":"2023-07-24T17:26:25","date_gmt":"2023-07-24T20:26:25","guid":{"rendered":"http:\/\/www.foripes.org.br\/?page_id=502"},"modified":"2023-07-24T17:26:25","modified_gmt":"2023-07-24T20:26:25","slug":"instituto-federal-de-educacao-ciencia-e-tecnologia-do-sudeste-de-minas-gerais-if-sudeste-mg-em-numeros","status":"publish","type":"page","link":"https:\/\/www.foripes.org.br\/index.php\/instituto-federal-de-educacao-ciencia-e-tecnologia-do-sudeste-de-minas-gerais-if-sudeste-mg-em-numeros\/","title":{"rendered":"Instituto Federal de Educa\u00e7\u00e3o, Ci\u00eancia e Tecnologia do Sudeste de Minas Gerais (IF Sudeste-MG) em n\u00fameros"},"content":{"rendered":"\n<br\/><br\/><br\/>  <div class=\"alert alert-warning\" role=\"alert\">\n Em constru\u00e7\u00e3o. \n<\/div>\n<br\/><br\/><br\/> \n\n\n","protected":false},"excerpt":{"rendered":"<p>Em constru\u00e7\u00e3o.<\/p>\n","protected":false},"author":1,"featured_media":0,"parent":0,"menu_order":0,"comment_status":"closed","ping_status":"closed","template":"","meta":{"ngg_post_thumbnail":0,"footnotes":""},"folder":[],"class_list":["post-502","page","type-page","status-publish","hentry"],"_links":{"self":[{"href":"https:\/\/www.foripes.org.br\/index.php\/wp-json\/wp\/v2\/pages\/502","targetHints":{"allow":["GET"]}}],"collection":[{"href":"https:\/\/www.foripes.org.br\/index.php\/wp-json\/wp\/v2\/pages"}],"about":[{"href":"https:\/\/www.foripes.org.br\/index.php\/wp-json\/wp\/v2\/types\/page"}],"author":[{"embeddable":true,"href":"https:\/\/www.foripes.org.br\/index.php\/wp-json\/wp\/v2\/users\/1"}],"replies":[{"embeddable":true,"href":"https:\/\/www.foripes.org.br\/index.php\/wp-json\/wp\/v2\/comments?post=502"}],"version-history":[{"count":1,"href":"https:\/\/www.foripes.org.br\/index.php\/wp-json\/wp\/v2\/pages\/502\/revisions"}],"predecessor-version":[{"id":503,"href":"https:\/\/www.foripes.org.br\/index.php\/wp-json\/wp\/v2\/pages\/502\/revisions\/503"}],"wp:attachment":[{"href":"https:\/\/www.foripes.org.br\/index.php\/wp-json\/wp\/v2\/media?parent=502"}],"wp:term":[{"taxonomy":"folder","embeddable":true,"href":"https:\/\/www.foripes.org.br\/index.php\/wp-json\/wp\/v2\/folder?post=502"}],"curies":[{"name":"wp","href":"https:\/\/api.w.org\/{rel}","templated":true}]}}