{"id":485,"date":"2023-07-24T17:02:12","date_gmt":"2023-07-24T20:02:12","guid":{"rendered":"http:\/\/www.foripes.org.br\/?page_id=485"},"modified":"2023-07-24T17:08:20","modified_gmt":"2023-07-24T20:08:20","slug":"universidade-federal-de-alfenas-unifal-mg-em-numeros","status":"publish","type":"page","link":"https:\/\/www.foripes.org.br\/index.php\/universidade-federal-de-alfenas-unifal-mg-em-numeros\/","title":{"rendered":"Universidade Federal de Alfenas (UNIFAL-MG) em n\u00fameros"},"content":{"rendered":"\n<p>Universidade do Estado de Minas Gerais (UEMG) em n\u00fameros<\/p>\n<script src=\"https:\/\/cdn.jsdelivr.net\/npm\/jquery@3.6.4\/dist\/jquery.slim.min.js\" type=\"text\/javascript\"><\/script>\n<script src=\"https:\/\/cdn.jsdelivr.net\/npm\/popper.js@1.16.1\/dist\/umd\/popper.min.js\" type=\"text\/javascript\"><\/script>\n<script src=\"https:\/\/cdn.jsdelivr.net\/npm\/bootstrap@4.6.2\/dist\/js\/bootstrap.bundle.min.js\" type=\"text\/javascript\"><\/script>\n<script src=\"https:\/\/kit.fontawesome.com\/a076d05399.js\" type=\"text\/javascript\" crossorigin=\"anonymous\"><\/script>\n<div class=\"container\">\n<div class=\"row\">\n<div class=\"col-sm-4 mb-3\">\n<div class=\"image-flip\">\n<div class=\"mainflip\">\n<div class=\"frontside\">\n<div class=\"card\">\n<div class=\"card-body text-center\" style=\"border: 3px outset #F1F1F1; box-shadow: 0 3px 6px 0 rgba(0,0,0,.16); padding-top: 20px; height: 100%;\">\n<p><span style=\"color: #000000;\"> <i class=\"fa fa-building\" style=\"font-size: 70px; color: #195128;\"><\/i> <\/span><\/p>\n<h3 style=\"text-align: center; padding-top: 20px;\"><span><span style=\"color: #195128;\">3&nbsp;<\/span><br \/><\/span><\/h3>\n<p style=\"text-align: center;\"><span style=\"color: #003300; font-size: 20px;\">Campi <\/span><\/p>\n<p><\/p>\n<\/div>\n<\/div>\n<\/div>\n<\/div>\n<\/div>\n<\/div>\n<div class=\"col-sm-4 mb-3\">\n<div class=\"image-flip\">\n<div class=\"mainflip\">\n<div class=\"frontside\">\n<div class=\"card\">\n<div class=\"card-body text-center\" style=\"border: 3px outset #F1F1F1; box-shadow: 0 3px 6px 0 rgba(0,0,0,.16); padding-top: 20px; height: 100%;\">\n<p><span style=\"color: #000000;\"> <i class=\"fa fa-slideshare\" style=\"font-size: 70px; color: #195128;\"><\/i> <\/span><\/p>\n<h3 style=\"text-align: center; padding-top: 20px;\"><span><span style=\"color: #195128;\">635<\/span><br \/><\/span><\/h3>\n<p style=\"text-align: center;\"><span style=\"color: #003300; font-size: 20px;\">Docentes<\/span><\/p>\n<p><\/p>\n<\/div>\n<\/div>\n<\/div>\n<\/div>\n<\/div>\n<\/div>\n<div class=\"col-sm-4 mb-3\">\n<div class=\"image-flip\">\n<div class=\"mainflip\">\n<div class=\"frontside\">\n<div class=\"card\">\n<div class=\"card-body text-center\" style=\"border: 3px outset #F1F1F1; box-shadow: 0 3px 6px 0 rgba(0,0,0,.16); padding-top: 20px; height: 100%;\">\n<p><span style=\"color: #000000;\"> <i class=\"fa fa-slideshare\" style=\"font-size: 70px; color: #195128;\"><\/i> <\/span><\/p>\n<h3 style=\"text-align: center; padding-top: 20px;\"><span><span style=\"color: #195128;\">330<\/span><br \/><\/span><\/h3>\n<p style=\"text-align: center;\"><span style=\"color: #003300; font-size: 20px;\">T\u00e9cnicos Administrativos<\/span><\/p>\n<p><\/p>\n<\/div>\n<\/div>\n<\/div>\n<\/div>\n<\/div>\n<\/div>\n<\/div>\n<div class=\"row\">\n<div class=\"col-sm-4 mb-3\">\n<div class=\"image-flip\">\n<div class=\"mainflip\">\n<div class=\"frontside\">\n<div class=\"card\">\n<div class=\"card-body text-center\" style=\"border: 3px outset #F1F1F1; box-shadow: 0 3px 6px 0 rgba(0,0,0,.16); padding-top: 20px; height: 100%;\">\n<p><span style=\"color: #000000;\"> <i class=\"fa fa-graduation-cap\" style=\"font-size: 70px; color: #195128;\"><\/i> <\/span><\/p>\n<h3 style=\"text-align: center; padding-top: 20px;\"><span><span style=\"color: #195128;\">38<\/span><br \/><\/span><\/h3>\n<p style=\"text-align: center;\"><span style=\"color: #003300; font-size: 20px;\">Cursos de Gradua\u00e7\u00e3o<br \/> Presenciais<\/span><\/p>\n<p><\/p>\n<\/div>\n<\/div>\n<\/div>\n<\/div>\n<\/div>\n<\/div>\n<div class=\"col-sm-4 mb-3\">\n<div class=\"image-flip\">\n<div class=\"mainflip\">\n<div class=\"frontside\">\n<div class=\"card\">\n<div class=\"card-body text-center\" style=\"border: 3px outset #F1F1F1; box-shadow: 0 3px 6px 0 rgba(0,0,0,.16); padding-top: 20px; height: 100%;\">\n<p><span style=\"color: #000000;\"> <i class=\"fa fa-television\" style=\"font-size: 70px; color: #195128;\"><\/i> <\/span><\/p>\n<h3 style=\"text-align: center; padding-top: 20px;\"><span><span style=\"color: #195128;\">1&nbsp;<\/span><br \/><\/span><\/h3>\n<p style=\"text-align: center;\"><span style=\"color: #003300; font-size: 20px;\">Cursos de Gradua\u00e7\u00e3o <br \/>a Dist\u00e2ncia<\/span><\/p>\n<p><\/p>\n<\/div>\n<\/div>\n<\/div>\n<\/div>\n<\/div>\n<\/div>\n<div class=\"col-sm-4 mb-3\">\n<div class=\"image-flip\">\n<div class=\"mainflip\">\n<div class=\"frontside\">\n<div class=\"card\">\n<div class=\"card-body text-center\" style=\"border: 3px outset #F1F1F1; box-shadow: 0 3px 6px 0 rgba(0,0,0,.16); padding-top: 20px; height: 100%;\">\n<p><span style=\"color: #000000;\"> <i class=\"fa fa-leanpub\" style=\"font-size: 70px; color: #195128;\"><\/i> <\/span><\/p>\n<h3 style=\"text-align: center; padding-top: 20px;\"><span><span style=\"color: #195128;\">13&nbsp;<\/span><br \/><\/span><\/h3>\n<p style=\"text-align: center;\"><span style=\"color: #003300; font-size: 20px;\">Cursos de P\u00f3s-Gradua\u00e7\u00e3o <br \/>Lato Sensu Presenciais<\/span><\/p>\n<p><\/p>\n<\/div>\n<\/div>\n<\/div>\n<\/div>\n<\/div>\n<\/div>\n<\/div>\n<div class=\"row\">\n<div class=\"col-sm-4 mb-3\">\n<div class=\"image-flip\">\n<div class=\"mainflip\">\n<div class=\"frontside\">\n<div class=\"card\">\n<div class=\"card-body text-center\" style=\"border: 3px outset #F1F1F1; box-shadow: 0 3px 6px 0 rgba(0,0,0,.16); padding-top: 20px; height: 100%;\">\n<p><span style=\"color: #000000;\"> <i class=\"fa fa-leanpub\" style=\"font-size: 70px; color: #195128;\"><\/i> <\/span><\/p>\n<h3 style=\"text-align: center; padding-top: 20px;\"><span><span style=\"color: #195128;\">7<\/span><br \/><\/span><\/h3>\n<p style=\"text-align: center;\"><span style=\"color: #003300; font-size: 20px;\">Cursos de P\u00f3s-Gradua\u00e7\u00e3o<br \/> Lato Sensu a Dist\u00e2ncia<\/span><\/p>\n<p><\/p>\n<\/div>\n<\/div>\n<\/div>\n<\/div>\n<\/div>\n<\/div>\n<div class=\"col-sm-4 mb-3\">\n<div class=\"image-flip\">\n<div class=\"mainflip\">\n<div class=\"frontside\">\n<div class=\"card\">\n<div class=\"card-body text-center\" style=\"border: 3px outset #F1F1F1; box-shadow: 0 3px 6px 0 rgba(0,0,0,.16); padding-top: 20px; height: 100%;\">\n<p><span style=\"color: #000000;\"> <i class=\"fas fa-book\" style=\"font-size: 70px; color: #195128;\"><\/i> <\/span><\/p>\n<h3 style=\"text-align: center; padding-top: 20px;\"><span><span style=\"color: #195128;\">8<\/span><br \/><\/span><\/h3>\n<p style=\"text-align: center;\"><span style=\"color: #003300; font-size: 20px;\">Cursos de<br \/>Doutorado<\/span><\/p>\n<p><\/p>\n<\/div>\n<\/div>\n<\/div>\n<\/div>\n<\/div>\n<\/div>\n<div class=\"col-sm-4 mb-3\">\n<div class=\"image-flip\">\n<div class=\"mainflip\">\n<div class=\"frontside\">\n<div class=\"card\">\n<div class=\"card-body text-center\" style=\"border: 3px outset #F1F1F1; box-shadow: 0 3px 6px 0 rgba(0,0,0,.16); padding-top: 20px; height: 100%;\">\n<p><span style=\"color: #000000;\"> <i class=\"fa fa-graduation-cap\" style=\"font-size: 70px; color: #195128;\"><\/i> <\/span><\/p>\n<h3 style=\"text-align: center; padding-top: 20px;\"><span><span style=\"color: #195128;\">25&nbsp;<\/span><br \/><\/span><\/h3>\n<p style=\"text-align: center;\"><span style=\"color: #003300; font-size: 20px;\">Cursos de<br \/>Mestrado <\/span><\/p>\n<p><\/p>\n<\/div>\n<\/div>\n<\/div>\n<\/div>\n<\/div>\n<\/div>\n<\/div>\n<div class=\"row\">\n<div class=\"col-sm-4 mb-3\">\n<div class=\"image-flip\">\n<div class=\"mainflip\">\n<div class=\"frontside\">\n<div class=\"card\">\n<div class=\"card-body text-center\" style=\"border: 3px outset #F1F1F1; box-shadow: 0 3px 6px 0 rgba(0,0,0,.16); padding-top: 20px; height: 100%;\">\n<p><span style=\"color: #000000;\"> <i class=\"fa fa-id-card-o\" style=\"font-size: 70px; color: #195128;\"><\/i> <\/span><\/p>\n<h3 style=\"text-align: center; padding-top: 20px;\"><span><span style=\"color: #195128;\">1.759<\/span><br \/><\/span><\/h3>\n<p style=\"text-align: center;\"><span style=\"color: #003300; font-size: 20px;\">Vagas ofertadas anualmente na Gradua\u00e7\u00e3o<\/span><\/p>\n<p><\/p>\n<\/div>\n<\/div>\n<\/div>\n<\/div>\n<\/div>\n<\/div>\n<div class=\"col-sm-4 mb-3\">\n<div class=\"image-flip\">\n<div class=\"mainflip\">\n<div class=\"frontside\">\n<div class=\"card\">\n<div class=\"card-body text-center\" style=\"border: 3px outset #F1F1F1; box-shadow: 0 3px 6px 0 rgba(0,0,0,.16); padding-top: 20px; height: 100%;\">\n<p><span style=\"color: #000000;\"> <i class=\"fa fa-address-card\" style=\"font-size: 70px; color: #195128;\"><\/i> <\/span><\/p>\n<h3 style=\"text-align: center; padding-top: 20px;\"><span><span style=\"color: #195128;\">0<\/span><br \/><\/span><\/h3>\n<p style=\"text-align: center;\"><span style=\"color: #003300; font-size: 20px;\">Vagas ofertadas anualmente na P\u00f3s-Gradua\u00e7\u00e3o<\/span><\/p>\n<p><\/p>\n<\/div>\n<\/div>\n<\/div>\n<\/div>\n<\/div>\n<\/div>\n<div class=\"col-sm-4 mb-3\">\n<div class=\"image-flip\">\n<div class=\"mainflip\">\n<div class=\"frontside\">\n<div class=\"card\">\n<div class=\"card-body text-center\" style=\"border: 3px outset #F1F1F1; box-shadow: 0 3px 6px 0 rgba(0,0,0,.16); padding-top: 20px; height: 100%;\">\n<p><span style=\"color: #000000;\"> <i class=\"fa fa-graduation-cap\" style=\"font-size: 70px; color: #195128;\"><\/i> <\/span><\/p>\n<h3 style=\"text-align: center; padding-top: 20px;\"><span><span style=\"color: #195128;\">5.984<\/span><br \/><\/span><\/h3>\n<p style=\"text-align: center;\"><span style=\"color: #003300; font-size: 20px;\">Estudantes de Gradua\u00e7\u00e3o (Presencial)<\/span><\/p>\n<p><\/p>\n<\/div>\n<\/div>\n<\/div>\n<\/div>\n<\/div>\n<\/div>\n<\/div>\n<div class=\"row\">\n<div class=\"col-sm-4 mb-3\">\n<div class=\"image-flip\">\n<div class=\"mainflip\">\n<div class=\"frontside\">\n<div class=\"card\">\n<div class=\"card-body text-center\" style=\"border: 3px outset #F1F1F1; box-shadow: 0 3px 6px 0 rgba(0,0,0,.16); padding-top: 20px; height: 100%;\">\n<p><span style=\"color: #000000;\"> <i class=\"fa fa-graduation-cap\" style=\"font-size: 70px; color: #195128;\"><\/i> <\/span><\/p>\n<h3 style=\"text-align: center; padding-top: 20px;\"><span><span style=\"color: #195128;\">97<\/span><br \/><\/span><\/h3>\n<p style=\"text-align: center;\"><span style=\"color: #003300; font-size: 20px;\">Estudantes de Gradua\u00e7\u00e3o (a Dist\u00e2ncia)<\/span><\/p>\n<p><\/p>\n<\/div>\n<\/div>\n<\/div>\n<\/div>\n<\/div>\n<\/div>\n<div class=\"col-sm-4 mb-3\">\n<div class=\"image-flip\">\n<div class=\"mainflip\">\n<div class=\"frontside\">\n<div class=\"card\">\n<div class=\"card-body text-center\" style=\"border: 3px outset #F1F1F1; box-shadow: 0 3px 6px 0 rgba(0,0,0,.16); padding-top: 20px; height: 100%;\">\n<p><span style=\"color: #000000;\"> <i class=\"fa fa-address-card\" style=\"font-size: 70px; color: #195128;\"><\/i> <\/span><\/p>\n<h3 style=\"text-align: center; padding-top: 20px;\"><span><span style=\"color: #195128;\">0<\/span><br \/><\/span><\/h3>\n<p style=\"text-align: center;\"><span style=\"color: #003300; font-size: 20px;\">Estudantes de P\u00f3s-Gradua\u00e7\u00e3o (Presencial)<\/span><\/p>\n<p><\/p>\n<\/div>\n<\/div>\n<\/div>\n<\/div>\n<\/div>\n<\/div>\n<div class=\"col-sm-4 mb-3\">\n<div class=\"image-flip\">\n<div class=\"mainflip\">\n<div class=\"frontside\">\n<div class=\"card\">\n<div class=\"card-body text-center\" style=\"border: 3px outset #F1F1F1; box-shadow: 0 3px 6px 0 rgba(0,0,0,.16); padding-top: 20px; height: 100%;\">\n<p><span style=\"color: #000000;\"> <i class=\"fa fa-address-card\" style=\"font-size: 70px; color: #195128;\"><\/i> <\/span><\/p>\n<h3 style=\"text-align: center; padding-top: 20px;\"><span><span style=\"color: #195128;\">0<\/span><br \/><\/span><\/h3>\n<p style=\"text-align: center;\"><span style=\"color: #003300; font-size: 20px;\">Estudantes de P\u00f3s-Gradua\u00e7\u00e3o (a Dist\u00e2ncia)<\/span><\/p>\n<p><\/p>\n<\/div>\n<\/div>\n<\/div>\n<\/div>\n<\/div>\n<\/div>\n<div class=\"row\">\n<div class=\"col-sm-4 mb-3\">\n<div class=\"image-flip\">\n<div class=\"mainflip\">\n<div class=\"frontside\">\n<div class=\"card\">\n<div class=\"card-body text-center\" style=\"border: 3px outset #F1F1F1; box-shadow: 0 3px 6px 0 rgba(0,0,0,.16); padding-top: 20px; height: 100%;\">\n<p><span style=\"color: #000000;\"> <i class=\"fa fa-book\" style=\"font-size: 70px; color: #195128;\"><\/i> <\/span><\/p>\n<h3 style=\"text-align: center; padding-top: 20px;\"><span><span style=\"color: #195128;\">0<\/span><br \/><\/span><\/h3>\n<p style=\"text-align: center;\"><span style=\"color: #003300; font-size: 20px;\">Cursos de Educa\u00e7\u00e3o B\u00e1sica e Profissional<\/span><\/p>\n<p><\/p>\n<\/div>\n<\/div>\n<\/div>\n<\/div>\n<\/div>\n<\/div>\n<div class=\"col-sm-4 mb-3\">\n<div class=\"image-flip\">\n<div class=\"mainflip\">\n<div class=\"frontside\">\n<div class=\"card\">\n<div class=\"card-body text-center\" style=\"border: 3px outset #F1F1F1; box-shadow: 0 3px 6px 0 rgba(0,0,0,.16); padding-top: 20px; height: 100%;\">\n<p><span style=\"color: #000000;\"> <i class=\"fa fa-address-card\" style=\"font-size: 70px; color: #195128;\"><\/i> <\/span><\/p>\n<h3 style=\"text-align: center; padding-top: 20px;\"><span><span style=\"color: #195128;\">0<\/span><br \/><\/span><\/h3>\n<p style=\"text-align: center;\"><span style=\"color: #003300; font-size: 20px;\">Estudantes de Educa\u00e7\u00e3o B\u00e1sica e Profissional<\/span><\/p>\n<p><\/p>\n<\/div>\n<\/div>\n<\/div>\n<\/div>\n<\/div>\n<\/div>\n<div class=\"col-sm-4 mb-3\">\n<div class=\"image-flip\">\n<div class=\"mainflip\">\n<div class=\"frontside\">\n<div class=\"card\">\n<div class=\"card-body text-center\" style=\"border: 3px outset #F1F1F1; box-shadow: 0 3px 6px 0 rgba(0,0,0,.16); padding-top: 20px; padding-left: 35px; height: 100%;\">\n<p><span style=\"color: #000000;\"> <i class=\"fa fa-eyedropper\" style=\"font-size: 70px; color: #195128;\"><\/i> <\/span><\/p>\n<h3 style=\"text-align: center; padding-top: 20px;\"><span><span style=\"color: #195128;\">1&nbsp;<\/span><br \/><\/span><\/h3>\n<p style=\"text-align: center;\"><span style=\"color: #003300; font-size: 20px;\">Farm\u00e1cias <br\/>Universit\u00e1rias<\/span><\/p>\n<p><\/p>\n<\/div>\n<\/div>\n<\/div>\n<\/div>\n<\/div>\n<\/div>\n<\/div>\n<\/div>\n<div class=\"row\">\n<div class=\"col-sm-4 mb-3\">\n<div class=\"image-flip\">\n<div class=\"mainflip\">\n<div class=\"frontside\">\n<div class=\"card\">\n<div class=\"card-body text-center\" style=\"border: 3px outset #F1F1F1; box-shadow: 0 3px 6px 0 rgba(0,0,0,.16); padding-top: 20px; height: 100%;\">\n<p><span style=\"color: #000000;\"> <i class=\"fa fa-search\" style=\"font-size: 70px; color: #195128;\"><\/i> <\/span><\/p>\n<h3 style=\"text-align: center; padding-top: 20px;\"><span><span style=\"color: #195128;\">706&nbsp;<\/span><br \/><\/span><\/h3>\n<p style=\"text-align: center;\"><span style=\"color: #003300; font-size: 20px;\">Projetos de Pesquisa em andamento<\/span><\/p>\n<p><\/p>\n<\/div>\n<\/div>\n<\/div>\n<\/div>\n<\/div>\n<\/div>\n<div class=\"col-sm-4 mb-3\">\n<div class=\"image-flip\">\n<div class=\"mainflip\">\n<div class=\"frontside\">\n<div class=\"card\">\n<div class=\"card-body text-center\" style=\"border: 3px outset #F1F1F1; box-shadow: 0 3px 6px 0 rgba(0,0,0,.16); padding-top: 20px; height: 100%;\">\n<p><span style=\"color: #000000;\"> <i class=\"fa fa-film\" style=\"font-size: 70px; color: #195128;\"><\/i> <\/span><\/p>\n<h3 style=\"text-align: center; padding-top: 20px;\"><span><span style=\"color: #195128;\">242<\/span><br \/><\/span><\/h3>\n<p style=\"text-align: center;\"><span style=\"color: #003300; font-size: 20px;\">Projetos de Extens\u00e3o em andamento<\/span><\/p>\n<p><\/p>\n<\/div>\n<\/div>\n<\/div>\n<\/div>\n<\/div>\n<\/div>\n<div class=\"col-sm-4 mb-3\">\n<div class=\"image-flip\">\n<div class=\"mainflip\">\n<div class=\"frontside\">\n<div class=\"card\">\n<div class=\"card-body text-center\" style=\"border: 3px outset #F1F1F1; box-shadow: 0 3px 6px 0 rgba(0,0,0,.16); padding-top: 20px; height: 100%;\">\n<p><span style=\"color: #000000;\"> <i class=\"fa fa-university\" style=\"font-size: 70px; color: #195128;\"><\/i> <\/span><\/p>\n<h3 style=\"text-align: center; padding-top: 20px;\"><span><span style=\"color: #195128;\">1<\/span><br \/><\/span><\/h3>\n<p style=\"text-align: center;\"><span style=\"color: #003300; font-size: 20px;\">Museus e <br \/>Centros de Ci\u00eancia<\/span><\/p>\n<p><\/p>\n<\/div>\n<\/div>\n<\/div>\n<\/div>\n<\/div>\n<\/div>\n<\/div>\n<\/div>\n<style type=\"text\/css\">.card{\n                border-radius: 4px;\n                background: #F8F8F8;\n                box-shadow: 0 6px 10px rgba(0,0,0,.08), 0 0 6px rgba(0,0,0,.05);\n                transition: .3s transform cubic-bezier(.155,1.105,.295,1.12),.3s box-shadow,.3s -webkit-transform cubic-bezier(.155,1.105,.295,1.12);\n                \/padding: 14px 80px 18px 36px;\/\n                \/padding-left: 10px;\/\n                cursor: pointer;\n            }\n\n            .card:hover{\n                transform: scale(1.05);\n                box-shadow: 0 10px 20px rgba(0,0,0,.12), 0 4px 8px rgba(0,0,0,.06);\n            }\n\n            .card-1{\n                background-repeat: no-repeat;\n                background-position: right;\n                background-size: 100%;\n                color: #092a5c;\n                font-size: 20px;\n                padding-right: 0px;\n                padding-left: 0px;\n                padding-top: 20px;\n                padding-bottom: 10%;\n            }\n    .card-2{\n                background-repeat: no-repeat;\n                background-position: right;\n                background-size: 100%;\n                color: #092a5c;\n                font-size: 20px;\n                padding-right: 0px;\n                padding-left: 0px;\n                padding-top: 20px;\n                padding-bottom: 10%;\n            }\n\n            .row{\n                margin-left: 5px\n            }<\/style>\n","protected":false},"excerpt":{"rendered":"<p>Universidade do Estado de Minas Gerais (UEMG) em n\u00fameros 3&nbsp; Campi 635 Docentes 330 T\u00e9cnicos Administrativos 38 Cursos de Gradua\u00e7\u00e3o Presenciais 1&nbsp; Cursos de Gradua\u00e7\u00e3o a Dist\u00e2ncia 13&nbsp; Cursos de P\u00f3s-Gradua\u00e7\u00e3o Lato Sensu Presenciais 7 Cursos de P\u00f3s-Gradua\u00e7\u00e3o Lato Sensu a Dist\u00e2ncia 8 Cursos deDoutorado 25&nbsp; Cursos deMestrado 1.759 Vagas ofertadas anualmente na Gradua\u00e7\u00e3o 0<br \/><a class=\"btn btn-theme post-btn\" href=\"https:\/\/www.foripes.org.br\/index.php\/universidade-federal-de-alfenas-unifal-mg-em-numeros\/\">Ler mais<\/a><\/p>\n","protected":false},"author":1,"featured_media":0,"parent":0,"menu_order":0,"comment_status":"closed","ping_status":"closed","template":"","meta":{"ngg_post_thumbnail":0,"footnotes":""},"folder":[],"class_list":["post-485","page","type-page","status-publish","hentry"],"_links":{"self":[{"href":"https:\/\/www.foripes.org.br\/index.php\/wp-json\/wp\/v2\/pages\/485","targetHints":{"allow":["GET"]}}],"collection":[{"href":"https:\/\/www.foripes.org.br\/index.php\/wp-json\/wp\/v2\/pages"}],"about":[{"href":"https:\/\/www.foripes.org.br\/index.php\/wp-json\/wp\/v2\/types\/page"}],"author":[{"embeddable":true,"href":"https:\/\/www.foripes.org.br\/index.php\/wp-json\/wp\/v2\/users\/1"}],"replies":[{"embeddable":true,"href":"https:\/\/www.foripes.org.br\/index.php\/wp-json\/wp\/v2\/comments?post=485"}],"version-history":[{"count":7,"href":"https:\/\/www.foripes.org.br\/index.php\/wp-json\/wp\/v2\/pages\/485\/revisions"}],"predecessor-version":[{"id":493,"href":"https:\/\/www.foripes.org.br\/index.php\/wp-json\/wp\/v2\/pages\/485\/revisions\/493"}],"wp:attachment":[{"href":"https:\/\/www.foripes.org.br\/index.php\/wp-json\/wp\/v2\/media?parent=485"}],"wp:term":[{"taxonomy":"folder","embeddable":true,"href":"https:\/\/www.foripes.org.br\/index.php\/wp-json\/wp\/v2\/folder?post=485"}],"curies":[{"name":"wp","href":"https:\/\/api.w.org\/{rel}","templated":true}]}}