{"id":48,"date":"2023-05-17T13:12:58","date_gmt":"2023-05-17T16:12:58","guid":{"rendered":"http:\/\/www.foripes.org.br\/?page_id=48"},"modified":"2024-09-02T11:27:43","modified_gmt":"2024-09-02T14:27:43","slug":"sobre","status":"publish","type":"page","link":"https:\/\/www.foripes.org.br\/index.php\/sobre\/","title":{"rendered":"Sobre"},"content":{"rendered":"\n<p><\/p>\n\n\n\n<p>O Foripes \u2013 F\u00f3rum dos Dirigentes das Institui\u00e7\u00f5es Federais e Estaduais de Ensino Superior de Minas Gerais \u00e9 um f\u00f3rum criado em 2003, sem fins lucrativos, que congrega os dirigentes das institui\u00e7\u00f5es p\u00fablicas federais e estaduais de ensino superior do Estado de Minas Gerais.<\/p>\n\n\n\n<p>S\u00e3o elas:<br>Centro Federal de Educa\u00e7\u00e3o Tecnol\u00f3gica em Minas Gerais (CEFET-MG);<br>Instituto Federal de Educa\u00e7\u00e3o, Ci\u00eancia e Tecnologia de Minas Gerais (IFMG) ;<br>Instituto Federal do Norte de Minas Gerais (IFNMG);<br>Instituto Federal de Educa\u00e7\u00e3o Ci\u00eancia e Tecnologia do Tri\u00e2ngulo (IFTM);<br>Universidade Federal de Ouro Preto (UFOP);<br>Instituto Federal de Educa\u00e7\u00e3o, Ci\u00eancia e Tecnologia do Sudeste de Minas Gerais (IF Sudeste-MG);<br>Instituto Federal de Educa\u00e7\u00e3o, Ci\u00eancia e Tecnologia do Sul de Minas Gerais (IF Sul de Minas);<br>Universidade do Estado de Minas Gerais (UEMG);<br>Universidade Estadual de Montes Claros (Unimontes);<br>Universidade Federal de Alfenas (UNIFAL-MG);<br>Universidade Federal de Itajub\u00e1 (UNIFEI);<br>Universidade Federal de Juiz de Fora (UFJF);<br>Universidade Federal de Lavras (UFLA);<br>Universidade Federal de Minas Gerais (UFMG);<br>Universidade Federal de S\u00e3o Jo\u00e3o Del-Rei (UFSJ);<br>Universidade Federal de Uberl\u00e2ndia (UFU);<br>Universidade Federal de Vi\u00e7osa (UFV) ;<br>Universidade Federal dos Vales do Jequitinhonha e Mucuri (UFVJM);<br>Universidade Federal do Tri\u00e2ngulo Mineiro (UFTM);<\/p>\n\n\n\n<p><br>Os principais objetivos se baseiam em reunir e promover a integra\u00e7\u00e3o das institui\u00e7\u00f5es federais e estaduais de ensino superior de Minas Gerais, em a\u00e7\u00f5es conjuntas e integradas de valoriza\u00e7\u00e3o e defesa do ensino superior p\u00fablico, gratuito, laico e de qualidade, e formando um espa\u00e7o de coopera\u00e7\u00e3o e intera\u00e7\u00e3o das universidades p\u00fablicas de Minas Gerais.<\/p>\n","protected":false},"excerpt":{"rendered":"<p>O Foripes \u2013 F\u00f3rum dos Dirigentes das Institui\u00e7\u00f5es Federais e Estaduais de Ensino Superior de Minas Gerais \u00e9 um f\u00f3rum criado em 2003, sem fins lucrativos, que congrega os dirigentes das institui\u00e7\u00f5es p\u00fablicas federais e estaduais de ensino superior do Estado de Minas Gerais. S\u00e3o elas:Centro Federal de Educa\u00e7\u00e3o Tecnol\u00f3gica em Minas Gerais (CEFET-MG);Instituto Federal<br \/><a class=\"btn btn-theme post-btn\" href=\"https:\/\/www.foripes.org.br\/index.php\/sobre\/\">Ler mais<\/a><\/p>\n","protected":false},"author":1,"featured_media":0,"parent":0,"menu_order":0,"comment_status":"closed","ping_status":"closed","template":"","meta":{"ngg_post_thumbnail":0,"footnotes":""},"folder":[],"class_list":["post-48","page","type-page","status-publish","hentry"],"_links":{"self":[{"href":"https:\/\/www.foripes.org.br\/index.php\/wp-json\/wp\/v2\/pages\/48","targetHints":{"allow":["GET"]}}],"collection":[{"href":"https:\/\/www.foripes.org.br\/index.php\/wp-json\/wp\/v2\/pages"}],"about":[{"href":"https:\/\/www.foripes.org.br\/index.php\/wp-json\/wp\/v2\/types\/page"}],"author":[{"embeddable":true,"href":"https:\/\/www.foripes.org.br\/index.php\/wp-json\/wp\/v2\/users\/1"}],"replies":[{"embeddable":true,"href":"https:\/\/www.foripes.org.br\/index.php\/wp-json\/wp\/v2\/comments?post=48"}],"version-history":[{"count":10,"href":"https:\/\/www.foripes.org.br\/index.php\/wp-json\/wp\/v2\/pages\/48\/revisions"}],"predecessor-version":[{"id":1113,"href":"https:\/\/www.foripes.org.br\/index.php\/wp-json\/wp\/v2\/pages\/48\/revisions\/1113"}],"wp:attachment":[{"href":"https:\/\/www.foripes.org.br\/index.php\/wp-json\/wp\/v2\/media?parent=48"}],"wp:term":[{"taxonomy":"folder","embeddable":true,"href":"https:\/\/www.foripes.org.br\/index.php\/wp-json\/wp\/v2\/folder?post=48"}],"curies":[{"name":"wp","href":"https:\/\/api.w.org\/{rel}","templated":true}]}}