{"id":1279,"date":"2024-12-12T10:35:13","date_gmt":"2024-12-12T13:35:13","guid":{"rendered":"https:\/\/www.foripes.org.br\/?page_id=1279"},"modified":"2025-01-23T16:23:23","modified_gmt":"2025-01-23T19:23:23","slug":"acoes","status":"publish","type":"page","link":"https:\/\/www.foripes.org.br\/index.php\/acoes\/","title":{"rendered":"A\u00e7\u00f5es"},"content":{"rendered":"\n<p>As a\u00e7\u00f5es desenvolvidas com apoio do Foripes s\u00e3o:<\/p>\n\n\n\n<div class=\"wp-block-columns is-layout-flex wp-container-core-columns-is-layout-9d6595d7 wp-block-columns-is-layout-flex\">\n<div class=\"wp-block-column is-layout-flow wp-block-column-is-layout-flow\"><div class=\"wp-block-image\">\n<figure class=\"aligncenter size-full is-resized\"><a href=\"https:\/\/www.foripes.org.br\/index.php\/participa-minas\/\" target=\"_blank\" rel=\"noreferrer noopener\"><img loading=\"lazy\" decoding=\"async\" width=\"851\" height=\"822\" src=\"https:\/\/www.foripes.org.br\/wp-content\/uploads\/2024\/08\/01-3.png\" alt=\"\" class=\"wp-image-1028\" style=\"width:265px;height:auto\" srcset=\"https:\/\/www.foripes.org.br\/wp-content\/uploads\/2024\/08\/01-3.png 851w, https:\/\/www.foripes.org.br\/wp-content\/uploads\/2024\/08\/01-3-300x290.png 300w, https:\/\/www.foripes.org.br\/wp-content\/uploads\/2024\/08\/01-3-768x742.png 768w\" sizes=\"auto, (max-width: 851px) 100vw, 851px\" \/><\/a><\/figure>\n<\/div><\/div>\n\n\n\n<div class=\"wp-block-column is-layout-flow wp-block-column-is-layout-flow\">\n<figure class=\"wp-block-image size-full\"><a href=\"https:\/\/www.foripes.org.br\/index.php\/rede\/\" target=\"_blank\" rel=\"noreferrer noopener\"><img loading=\"lazy\" decoding=\"async\" width=\"357\" height=\"293\" src=\"https:\/\/www.foripes.org.br\/wp-content\/uploads\/2025\/01\/formacao2.png\" alt=\"\" class=\"wp-image-1341\" srcset=\"https:\/\/www.foripes.org.br\/wp-content\/uploads\/2025\/01\/formacao2.png 357w, https:\/\/www.foripes.org.br\/wp-content\/uploads\/2025\/01\/formacao2-300x246.png 300w\" sizes=\"auto, (max-width: 357px) 100vw, 357px\" \/><\/a><\/figure>\n<\/div>\n<\/div>\n","protected":false},"excerpt":{"rendered":"<p>As a\u00e7\u00f5es desenvolvidas com apoio do Foripes s\u00e3o:<\/p>\n","protected":false},"author":4,"featured_media":0,"parent":0,"menu_order":0,"comment_status":"closed","ping_status":"closed","template":"","meta":{"ngg_post_thumbnail":0,"footnotes":""},"folder":[],"class_list":["post-1279","page","type-page","status-publish","hentry"],"_links":{"self":[{"href":"https:\/\/www.foripes.org.br\/index.php\/wp-json\/wp\/v2\/pages\/1279","targetHints":{"allow":["GET"]}}],"collection":[{"href":"https:\/\/www.foripes.org.br\/index.php\/wp-json\/wp\/v2\/pages"}],"about":[{"href":"https:\/\/www.foripes.org.br\/index.php\/wp-json\/wp\/v2\/types\/page"}],"author":[{"embeddable":true,"href":"https:\/\/www.foripes.org.br\/index.php\/wp-json\/wp\/v2\/users\/4"}],"replies":[{"embeddable":true,"href":"https:\/\/www.foripes.org.br\/index.php\/wp-json\/wp\/v2\/comments?post=1279"}],"version-history":[{"count":7,"href":"https:\/\/www.foripes.org.br\/index.php\/wp-json\/wp\/v2\/pages\/1279\/revisions"}],"predecessor-version":[{"id":1393,"href":"https:\/\/www.foripes.org.br\/index.php\/wp-json\/wp\/v2\/pages\/1279\/revisions\/1393"}],"wp:attachment":[{"href":"https:\/\/www.foripes.org.br\/index.php\/wp-json\/wp\/v2\/media?parent=1279"}],"wp:term":[{"taxonomy":"folder","embeddable":true,"href":"https:\/\/www.foripes.org.br\/index.php\/wp-json\/wp\/v2\/folder?post=1279"}],"curies":[{"name":"wp","href":"https:\/\/api.w.org\/{rel}","templated":true}]}}